{"id":101,"date":"2022-09-22T01:54:06","date_gmt":"2022-09-22T01:54:06","guid":{"rendered":"http:\/\/saopedrocarnes.com.br\/?page_id=101"},"modified":"2025-02-06T10:26:33","modified_gmt":"2025-02-06T10:26:33","slug":"cortes","status":"publish","type":"page","link":"https:\/\/saopedrocarnes.com.br\/?page_id=101","title":{"rendered":"CORTES"},"content":{"rendered":"\n<div class=\"slider-wrapper relative\" id=\"slider-8286950\" >\n    <div class=\"slider slider-nav-circle slider-nav-large slider-nav-light slider-style-normal\"\n        data-flickity-options='{\n            \"cellAlign\": \"center\",\n            \"imagesLoaded\": true,\n            \"lazyLoad\": 1,\n            \"freeScroll\": false,\n            \"wrapAround\": true,\n            \"autoPlay\": 6000,\n            \"pauseAutoPlayOnHover\" : true,\n            \"prevNextButtons\": true,\n            \"contain\" : true,\n            \"adaptiveHeight\" : true,\n            \"dragThreshold\" : 10,\n            \"percentPosition\": true,\n            \"pageDots\": true,\n            \"rightToLeft\": false,\n            \"draggable\": true,\n            \"selectedAttraction\": 0.1,\n            \"parallax\" : 0,\n            \"friction\": 0.6        }'\n        >\n        \n\n\n  <div class=\"banner has-hover\" id=\"banner-1232204526\">\n          <div class=\"banner-inner fill\">\n        <div class=\"banner-bg fill\" >\n            <div class=\"bg fill bg-fill \"><\/div>\n                                    \n                    <\/div>\n        <div class=\"banner-layers container\">\n            <div class=\"fill banner-link\"><\/div>            \n\n\n        <\/div>\n      <\/div>\n\n            \n<style>\n#banner-1232204526 {\n  padding-top: 300px;\n}\n#banner-1232204526 .bg.bg-loaded {\n  background-image: url(https:\/\/saopedrocarnes.com.br\/wp-content\/uploads\/2025\/02\/3c4635997b.jpg);\n}\n#banner-1232204526 .bg {\n  background-position: 43% 61%;\n}\n<\/style>\n  <\/div>\n\n\n\n     <\/div>\n\n     <div class=\"loading-spin dark large centered\"><\/div>\n\n     \t<\/div>\n\n\n<div class=\"row\"  id=\"row-206149563\">\n\n\n\t<div id=\"col-1045344942\" class=\"col small-12 large-12\"  >\n\t\t<div class=\"col-inner\"  >\n\t\t\t\n\t\t\t\n\n\t<div id=\"text-3453751466\" class=\"text\">\n\t\t\n\n<p style=\"text-align: center;\">Os melhores e mais variados cortes para diversificar na hora do preparo. Produtos selecionados, para garantir o frescor e qualidade na mesa do consumidor.<\/p>\n\t\t\n<style>\n#text-3453751466 {\n  font-size: 1.75rem;\n  line-height: 1.25;\n}\n<\/style>\n\t<\/div>\n\t\n<div class=\"row\"  id=\"row-1111929046\">\n\n\n\t<div id=\"col-959120858\" class=\"col small-12 large-12\"  >\n\t\t<div class=\"col-inner\"  >\n\t\t\t\n\t\t\t\n\n<div class=\"container section-title-container\" ><h1 class=\"section-title section-title-bold-center\"><b><\/b><span class=\"section-title-main\" style=\"color:rgb(171, 3, 3);\">Cortes Su\u00ednos Cortes com e Sem Pele Cortes Fatiados Carca\u00e7as Carr\u00e9 Com Costela Carr\u00e9\/Bisteca Costela Lombo Paleta Pernil<\/span><b><\/b><\/h1><\/div>\n\n\n\t\t<\/div>\n\t\t\t<\/div>\n\n\t\n\n<\/div>\n\n\t\t<\/div>\n\t\t\t<\/div>\n\n\t\n\n<\/div>\n<div class=\"row\"  id=\"row-1625075939\">\n\n\n\t<div id=\"col-1719463797\" class=\"col small-12 large-12\"  >\n\t\t<div class=\"col-inner text-center\"  >\n\t\t\t\n\t\t\t\n\n\t<div class=\"img has-hover x md-x lg-x y md-y lg-y\" id=\"image_221512684\">\n\t\t\t\t\t\t\t\t<div class=\"img-inner dark\" >\n\t\t\t<img loading=\"lazy\" decoding=\"async\" width=\"600\" height=\"357\" src=\"https:\/\/saopedrocarnes.com.br\/wp-content\/uploads\/2022\/10\/corest.png\" class=\"attachment-original size-original\" alt=\"\" srcset=\"https:\/\/saopedrocarnes.com.br\/wp-content\/uploads\/2022\/10\/corest.png 600w, https:\/\/saopedrocarnes.com.br\/wp-content\/uploads\/2022\/10\/corest-300x179.png 300w\" sizes=\"auto, (max-width: 600px) 100vw, 600px\" \/>\t\t\t\t\t\t\n\t\t\t\t\t<\/div>\n\t\t\t\t\t\t\t\t\n<style>\n#image_221512684 {\n  width: 79%;\n}\n<\/style>\n\t<\/div>\n\t\n\n\n\t\t<\/div>\n\t\t\t<\/div>\n\n\t\n\n<\/div>\n<div class=\"message-box relative dark\" style=\"padding-top:15px;padding-bottom:15px;\"><div class=\"message-box-bg-image bg-fill fill\" ><\/div><div class=\"message-box-bg-overlay bg-fill fill\" style=\"background-color:rgb(152, 0, 0);\"><\/div><div class=\"container relative\"><div class=\"inner last-reset\">\n\n<div class=\"row align-middle align-center\"  id=\"row-1492966153\">\n\n\n\t<div id=\"col-944258469\" class=\"col medium-9 small-12 large-9\"  >\n\t\t<div class=\"col-inner\"  >\n\t\t\t\n\t\t\t\n\n\t<div id=\"text-307201858\" class=\"text\">\n\t\t\n\n<p style=\"text-align: center;\">TRADI\u00c7\u00c3O E QUALIDADE CERTIFICADA<\/p>\n\t\t\n<style>\n#text-307201858 {\n  font-size: 1.75rem;\n}\n<\/style>\n\t<\/div>\n\t\n\n\t\t<\/div>\n\t\t\t<\/div>\n\n\t\n\n\t<div id=\"col-372788123\" class=\"col medium-3 small-12 large-3\"  >\n\t\t<div class=\"col-inner text-center\"  >\n\t\t\t\n\t\t\t\n\n<a href=\"http:\/\/saopedrocarnes.com.br\/?page_id=117\" target=\"_self\" class=\"button white is-outline\"  style=\"border-radius:99px;\">\n  <i class=\"icon-phone\" ><\/i>  <span>CONTATO<\/span>\n  <\/a>\n\n\n\n\t\t<\/div>\n\t\t\t<\/div>\n\n\t\n\n<\/div>\n\n<\/div><\/div><\/div>\n\n","protected":false},"excerpt":{"rendered":"","protected":false},"author":1,"featured_media":0,"parent":0,"menu_order":0,"comment_status":"closed","ping_status":"closed","template":"page-blank.php","meta":{"footnotes":""},"class_list":["post-101","page","type-page","status-publish","hentry"],"_links":{"self":[{"href":"https:\/\/saopedrocarnes.com.br\/index.php?rest_route=\/wp\/v2\/pages\/101","targetHints":{"allow":["GET"]}}],"collection":[{"href":"https:\/\/saopedrocarnes.com.br\/index.php?rest_route=\/wp\/v2\/pages"}],"about":[{"href":"https:\/\/saopedrocarnes.com.br\/index.php?rest_route=\/wp\/v2\/types\/page"}],"author":[{"embeddable":true,"href":"https:\/\/saopedrocarnes.com.br\/index.php?rest_route=\/wp\/v2\/users\/1"}],"replies":[{"embeddable":true,"href":"https:\/\/saopedrocarnes.com.br\/index.php?rest_route=%2Fwp%2Fv2%2Fcomments&post=101"}],"version-history":[{"count":32,"href":"https:\/\/saopedrocarnes.com.br\/index.php?rest_route=\/wp\/v2\/pages\/101\/revisions"}],"predecessor-version":[{"id":659,"href":"https:\/\/saopedrocarnes.com.br\/index.php?rest_route=\/wp\/v2\/pages\/101\/revisions\/659"}],"wp:attachment":[{"href":"https:\/\/saopedrocarnes.com.br\/index.php?rest_route=%2Fwp%2Fv2%2Fmedia&parent=101"}],"curies":[{"name":"wp","href":"https:\/\/api.w.org\/{rel}","templated":true}]}}