{"id":103,"date":"2022-09-22T01:54:19","date_gmt":"2022-09-22T01:54:19","guid":{"rendered":"http:\/\/saopedrocarnes.com.br\/?page_id=103"},"modified":"2025-02-06T10:44:07","modified_gmt":"2025-02-06T10:44:07","slug":"temperados","status":"publish","type":"page","link":"https:\/\/saopedrocarnes.com.br\/?page_id=103","title":{"rendered":"TEMPERADOS"},"content":{"rendered":"\n<div class=\"slider-wrapper relative\" id=\"slider-598941271\" >\n    <div class=\"slider slider-nav-circle slider-nav-large slider-nav-light slider-style-normal\"\n        data-flickity-options='{\n            \"cellAlign\": \"center\",\n            \"imagesLoaded\": true,\n            \"lazyLoad\": 1,\n            \"freeScroll\": false,\n            \"wrapAround\": true,\n            \"autoPlay\": 6000,\n            \"pauseAutoPlayOnHover\" : true,\n            \"prevNextButtons\": true,\n            \"contain\" : true,\n            \"adaptiveHeight\" : true,\n            \"dragThreshold\" : 10,\n            \"percentPosition\": true,\n            \"pageDots\": true,\n            \"rightToLeft\": false,\n            \"draggable\": true,\n            \"selectedAttraction\": 0.1,\n            \"parallax\" : 0,\n            \"friction\": 0.6        }'\n        >\n        \n\n\n  <div class=\"banner has-hover\" id=\"banner-1417981354\">\n          <div class=\"banner-inner fill\">\n        <div class=\"banner-bg fill\" >\n            <div class=\"bg fill bg-fill \"><\/div>\n                                    \n                    <\/div>\n        <div class=\"banner-layers container\">\n            <div class=\"fill banner-link\"><\/div>            \n\n\n        <\/div>\n      <\/div>\n\n            \n<style>\n#banner-1417981354 {\n  padding-top: 300px;\n}\n#banner-1417981354 .bg.bg-loaded {\n  background-image: url(https:\/\/saopedrocarnes.com.br\/wp-content\/uploads\/2025\/02\/imagem3.jpg);\n}\n#banner-1417981354 .bg {\n  background-position: 55% 24%;\n}\n<\/style>\n  <\/div>\n\n\n\n     <\/div>\n\n     <div class=\"loading-spin dark large centered\"><\/div>\n\n     \t<\/div>\n\n\n<div class=\"row\"  id=\"row-1920683342\">\n\n\n\t<div id=\"col-148699023\" class=\"col small-12 large-12\"  >\n\t\t<div class=\"col-inner\"  >\n\t\t\t\n\t\t\t\n\n\t<div id=\"text-3978960059\" class=\"text\">\n\t\t\n\n<h3 style=\"text-align: center;\">A linha de temperados \u00e9 o segredo para quem quer ousar no card\u00e1pio. S\u00e3o cortes nobres de su\u00ednos, temperados com especiarias frescas, que real\u00e7am o sabor sem perder a sucul\u00eancia. Embalados a v\u00e1cuo, s\u00e3o de f\u00e1cil transporte e manuseio.<\/h3>\n\t\t\n<style>\n#text-3978960059 {\n  font-size: 1.25rem;\n  line-height: 1.25;\n}\n<\/style>\n\t<\/div>\n\t\n\n\t\t<\/div>\n\t\t\t<\/div>\n\n\t\n\n<\/div>\n\n  <div class=\"banner has-hover\" id=\"banner-128926501\">\n          <div class=\"banner-inner fill\">\n        <div class=\"banner-bg fill\" >\n            <div class=\"bg fill bg-fill \"><\/div>\n                                    \n                    <\/div>\n        <div class=\"banner-layers container\">\n            <div class=\"fill banner-link\"><\/div>            \n\n   <div id=\"text-box-1559682202\" class=\"text-box banner-layer x50 md-x50 lg-x50 y50 md-y50 lg-y50 res-text\">\n                                <div class=\"text-box-content text dark\">\n              \n              <div class=\"text-inner text-center\">\n                  \n\n<div class=\"container section-title-container\" ><h3 class=\"section-title section-title-center\"><b><\/b><span class=\"section-title-main\" >linha premium<\/span><b><\/b><\/h3><\/div>\n\n<div class=\"is-divider divider clearfix\" style=\"max-width:0px;\"><\/div>\n\n<div class=\"row row-collapse\"  id=\"row-520306383\">\n\n\n\t<div id=\"col-923405071\" class=\"col medium-2 small-6 large-2\"  >\n\t\t<div class=\"col-inner\"  >\n\t\t\t\n\t\t\t\n\n\t<div class=\"img has-hover x md-x lg-x y md-y lg-y\" id=\"image_695347616\">\n\t\t\t\t\t\t\t\t<div class=\"img-inner dark\" >\n\t\t\t<img loading=\"lazy\" decoding=\"async\" width=\"615\" height=\"995\" src=\"https:\/\/saopedrocarnes.com.br\/wp-content\/uploads\/2022\/10\/sao-pedro-carnes-temperados0001.png\" class=\"attachment-large size-large\" alt=\"\" srcset=\"https:\/\/saopedrocarnes.com.br\/wp-content\/uploads\/2022\/10\/sao-pedro-carnes-temperados0001.png 615w, https:\/\/saopedrocarnes.com.br\/wp-content\/uploads\/2022\/10\/sao-pedro-carnes-temperados0001-185x300.png 185w\" sizes=\"auto, (max-width: 615px) 100vw, 615px\" \/>\t\t\t\t\t\t\n\t\t\t\t\t<\/div>\n\t\t\t\t\t\t\t\t\n<style>\n#image_695347616 {\n  width: 100%;\n}\n<\/style>\n\t<\/div>\n\t\n\n\n\t\t<\/div>\n\t\t\t<\/div>\n\n\t\n\n\t<div id=\"col-198604054\" class=\"col medium-2 small-6 large-2\"  >\n\t\t<div class=\"col-inner\"  >\n\t\t\t\n\t\t\t\n\n\t<div class=\"img has-hover x md-x lg-x y md-y lg-y\" id=\"image_1462109221\">\n\t\t\t\t\t\t\t\t<div class=\"img-inner dark\" >\n\t\t\t<img loading=\"lazy\" decoding=\"async\" width=\"615\" height=\"995\" src=\"https:\/\/saopedrocarnes.com.br\/wp-content\/uploads\/2022\/10\/sao-pedro-carnes-temperados0002.png\" class=\"attachment-large size-large\" alt=\"\" srcset=\"https:\/\/saopedrocarnes.com.br\/wp-content\/uploads\/2022\/10\/sao-pedro-carnes-temperados0002.png 615w, https:\/\/saopedrocarnes.com.br\/wp-content\/uploads\/2022\/10\/sao-pedro-carnes-temperados0002-185x300.png 185w\" sizes=\"auto, (max-width: 615px) 100vw, 615px\" \/>\t\t\t\t\t\t\n\t\t\t\t\t<\/div>\n\t\t\t\t\t\t\t\t\n<style>\n#image_1462109221 {\n  width: 100%;\n}\n<\/style>\n\t<\/div>\n\t\n\n\n\t\t<\/div>\n\t\t\t<\/div>\n\n\t\n\n\t<div id=\"col-867143972\" class=\"col medium-2 small-6 large-2\"  >\n\t\t<div class=\"col-inner\"  >\n\t\t\t\n\t\t\t\n\n\t<div class=\"img has-hover x md-x lg-x y md-y lg-y\" id=\"image_81723886\">\n\t\t\t\t\t\t\t\t<div class=\"img-inner dark\" >\n\t\t\t<img loading=\"lazy\" decoding=\"async\" width=\"614\" height=\"995\" src=\"https:\/\/saopedrocarnes.com.br\/wp-content\/uploads\/2022\/10\/sao-pedro-carnes-temperados0003.png\" class=\"attachment-large size-large\" alt=\"\" srcset=\"https:\/\/saopedrocarnes.com.br\/wp-content\/uploads\/2022\/10\/sao-pedro-carnes-temperados0003.png 614w, https:\/\/saopedrocarnes.com.br\/wp-content\/uploads\/2022\/10\/sao-pedro-carnes-temperados0003-185x300.png 185w\" sizes=\"auto, (max-width: 614px) 100vw, 614px\" \/>\t\t\t\t\t\t\n\t\t\t\t\t<\/div>\n\t\t\t\t\t\t\t\t\n<style>\n#image_81723886 {\n  width: 100%;\n}\n<\/style>\n\t<\/div>\n\t\n\n\n\t\t<\/div>\n\t\t\t<\/div>\n\n\t\n\n\t<div id=\"col-1087283330\" class=\"col medium-2 small-6 large-2\"  >\n\t\t<div class=\"col-inner\"  >\n\t\t\t\n\t\t\t\n\n\t<div class=\"img has-hover x md-x lg-x y md-y lg-y\" id=\"image_1632069492\">\n\t\t\t\t\t\t\t\t<div class=\"img-inner dark\" >\n\t\t\t<img loading=\"lazy\" decoding=\"async\" width=\"615\" height=\"995\" src=\"https:\/\/saopedrocarnes.com.br\/wp-content\/uploads\/2022\/10\/sao-pedro-carnes-temperados0004.png\" class=\"attachment-large size-large\" alt=\"\" srcset=\"https:\/\/saopedrocarnes.com.br\/wp-content\/uploads\/2022\/10\/sao-pedro-carnes-temperados0004.png 615w, https:\/\/saopedrocarnes.com.br\/wp-content\/uploads\/2022\/10\/sao-pedro-carnes-temperados0004-185x300.png 185w\" sizes=\"auto, (max-width: 615px) 100vw, 615px\" \/>\t\t\t\t\t\t\n\t\t\t\t\t<\/div>\n\t\t\t\t\t\t\t\t\n<style>\n#image_1632069492 {\n  width: 100%;\n}\n<\/style>\n\t<\/div>\n\t\n\n\n\t\t<\/div>\n\t\t\t<\/div>\n\n\t\n\n\t<div id=\"col-1484280459\" class=\"col medium-2 small-6 large-2\"  >\n\t\t<div class=\"col-inner\"  >\n\t\t\t\n\t\t\t\n\n\t<div class=\"img has-hover x md-x lg-x y md-y lg-y\" id=\"image_2116259494\">\n\t\t\t\t\t\t\t\t<div class=\"img-inner dark\" >\n\t\t\t<img loading=\"lazy\" decoding=\"async\" width=\"615\" height=\"995\" src=\"https:\/\/saopedrocarnes.com.br\/wp-content\/uploads\/2022\/10\/sao-pedro-carnes-temperados0006.png\" class=\"attachment-large size-large\" alt=\"\" srcset=\"https:\/\/saopedrocarnes.com.br\/wp-content\/uploads\/2022\/10\/sao-pedro-carnes-temperados0006.png 615w, https:\/\/saopedrocarnes.com.br\/wp-content\/uploads\/2022\/10\/sao-pedro-carnes-temperados0006-185x300.png 185w\" sizes=\"auto, (max-width: 615px) 100vw, 615px\" \/>\t\t\t\t\t\t\n\t\t\t\t\t<\/div>\n\t\t\t\t\t\t\t\t\n<style>\n#image_2116259494 {\n  width: 100%;\n}\n<\/style>\n\t<\/div>\n\t\n\n\n\t\t<\/div>\n\t\t\t<\/div>\n\n\t\n\n<\/div>\n\n              <\/div>\n           <\/div>\n                            \n<style>\n#text-box-1559682202 {\n  width: 100%;\n}\n#text-box-1559682202 .text-box-content {\n  font-size: 100%;\n}\n<\/style>\n    <\/div>\n \n\n        <\/div>\n      <\/div>\n\n            \n<style>\n#banner-128926501 {\n  padding-top: 500px;\n}\n#banner-128926501 .bg.bg-loaded {\n  background-image: url(https:\/\/saopedrocarnes.com.br\/wp-content\/uploads\/2022\/10\/fundo2-min-1024x797.png);\n}\n#banner-128926501 .bg {\n  background-position: 51% 11%;\n}\n<\/style>\n  <\/div>\n\n\n<div class=\"row\"  id=\"row-1476676764\">\n\n\n\t<div id=\"col-1122368087\" class=\"col small-12 large-12\"  >\n\t\t<div class=\"col-inner\"  >\n\t\t\t\n\t\t\t\n\n<div class=\"container section-title-container\" ><h3 class=\"section-title section-title-center\"><b><\/b><span class=\"section-title-main\" >TEMPERADOS<\/span><b><\/b><\/h3><\/div>\n\n\n\t\t<\/div>\n\t\t\t<\/div>\n\n\t\n\n<\/div>\n<div class=\"row\"  id=\"row-1040083220\">\n\n\n\t<div id=\"col-1229669474\" class=\"col medium-3 small-6 large-3\"  >\n\t\t<div class=\"col-inner\"  >\n\t\t\t\n\t\t\t\n\n\t<div class=\"img has-hover x md-x lg-x y md-y lg-y\" id=\"image_1180864266\">\n\t\t\t\t\t\t\t\t<div class=\"img-inner dark\" >\n\t\t\t<img loading=\"lazy\" decoding=\"async\" width=\"450\" height=\"720\" src=\"https:\/\/saopedrocarnes.com.br\/wp-content\/uploads\/2022\/10\/carnes-sao-pedro-premium-1.png\" class=\"attachment-large size-large\" alt=\"\" srcset=\"https:\/\/saopedrocarnes.com.br\/wp-content\/uploads\/2022\/10\/carnes-sao-pedro-premium-1.png 450w, https:\/\/saopedrocarnes.com.br\/wp-content\/uploads\/2022\/10\/carnes-sao-pedro-premium-1-188x300.png 188w\" sizes=\"auto, (max-width: 450px) 100vw, 450px\" \/>\t\t\t\t\t\t\n\t\t\t\t\t<\/div>\n\t\t\t\t\t\t\t\t\n<style>\n#image_1180864266 {\n  width: 100%;\n}\n<\/style>\n\t<\/div>\n\t\n\n\n\t\t<\/div>\n\t\t\t<\/div>\n\n\t\n\n\t<div id=\"col-262441158\" class=\"col medium-3 small-6 large-3\"  >\n\t\t<div class=\"col-inner\"  >\n\t\t\t\n\t\t\t\n\n\t<div class=\"img has-hover x md-x lg-x y md-y lg-y\" id=\"image_1907201930\">\n\t\t\t\t\t\t\t\t<div class=\"img-inner dark\" >\n\t\t\t<img loading=\"lazy\" decoding=\"async\" width=\"450\" height=\"720\" src=\"https:\/\/saopedrocarnes.com.br\/wp-content\/uploads\/2022\/10\/carnes-sao-pedro-premium-2.png\" class=\"attachment-large size-large\" alt=\"\" srcset=\"https:\/\/saopedrocarnes.com.br\/wp-content\/uploads\/2022\/10\/carnes-sao-pedro-premium-2.png 450w, https:\/\/saopedrocarnes.com.br\/wp-content\/uploads\/2022\/10\/carnes-sao-pedro-premium-2-188x300.png 188w\" sizes=\"auto, (max-width: 450px) 100vw, 450px\" \/>\t\t\t\t\t\t\n\t\t\t\t\t<\/div>\n\t\t\t\t\t\t\t\t\n<style>\n#image_1907201930 {\n  width: 100%;\n}\n<\/style>\n\t<\/div>\n\t\n\n\n\t\t<\/div>\n\t\t\t<\/div>\n\n\t\n\n\t<div id=\"col-98641082\" class=\"col medium-3 small-6 large-3\"  >\n\t\t<div class=\"col-inner\"  >\n\t\t\t\n\t\t\t\n\n\t<div class=\"img has-hover x md-x lg-x y md-y lg-y\" id=\"image_1580914464\">\n\t\t\t\t\t\t\t\t<div class=\"img-inner dark\" >\n\t\t\t<img loading=\"lazy\" decoding=\"async\" width=\"450\" height=\"720\" src=\"https:\/\/saopedrocarnes.com.br\/wp-content\/uploads\/2022\/10\/carnes-sao-pedro-premium-3.png\" class=\"attachment-large size-large\" alt=\"\" srcset=\"https:\/\/saopedrocarnes.com.br\/wp-content\/uploads\/2022\/10\/carnes-sao-pedro-premium-3.png 450w, https:\/\/saopedrocarnes.com.br\/wp-content\/uploads\/2022\/10\/carnes-sao-pedro-premium-3-188x300.png 188w\" sizes=\"auto, (max-width: 450px) 100vw, 450px\" \/>\t\t\t\t\t\t\n\t\t\t\t\t<\/div>\n\t\t\t\t\t\t\t\t\n<style>\n#image_1580914464 {\n  width: 100%;\n}\n<\/style>\n\t<\/div>\n\t\n\n\n\t\t<\/div>\n\t\t\t<\/div>\n\n\t\n\n\t<div id=\"col-1452921399\" class=\"col medium-3 small-6 large-3\"  >\n\t\t<div class=\"col-inner\"  >\n\t\t\t\n\t\t\t\n\n\t<div class=\"img has-hover x md-x lg-x y md-y lg-y\" id=\"image_1280084095\">\n\t\t\t\t\t\t\t\t<div class=\"img-inner dark\" >\n\t\t\t<img loading=\"lazy\" decoding=\"async\" width=\"450\" height=\"720\" src=\"https:\/\/saopedrocarnes.com.br\/wp-content\/uploads\/2022\/10\/carnes-sao-pedro-premium-4.png\" class=\"attachment-large size-large\" alt=\"\" srcset=\"https:\/\/saopedrocarnes.com.br\/wp-content\/uploads\/2022\/10\/carnes-sao-pedro-premium-4.png 450w, https:\/\/saopedrocarnes.com.br\/wp-content\/uploads\/2022\/10\/carnes-sao-pedro-premium-4-188x300.png 188w\" sizes=\"auto, (max-width: 450px) 100vw, 450px\" \/>\t\t\t\t\t\t\n\t\t\t\t\t<\/div>\n\t\t\t\t\t\t\t\t\n<style>\n#image_1280084095 {\n  width: 100%;\n}\n<\/style>\n\t<\/div>\n\t\n\n\n\t\t<\/div>\n\t\t\t<\/div>\n\n\t\n\n<\/div>\n<div class=\"message-box relative dark\" style=\"padding-top:15px;padding-bottom:15px;\"><div class=\"message-box-bg-image bg-fill fill\" ><\/div><div class=\"message-box-bg-overlay bg-fill fill\" style=\"background-color:rgb(160, 0, 0);\"><\/div><div class=\"container relative\"><div class=\"inner last-reset\">\n\n<div class=\"row align-middle align-center\"  id=\"row-1541776761\">\n\n\n\t<div id=\"col-1878924372\" class=\"col medium-9 small-12 large-9\"  >\n\t\t<div class=\"col-inner\"  >\n\t\t\t\n\t\t\t\n\n\t<div id=\"text-36959150\" class=\"text\">\n\t\t\n\n<p style=\"text-align: center;\">TRADI\u00c7\u00c3O E QUALIDADE CERTIFICADA<\/p>\n\t\t\n<style>\n#text-36959150 {\n  font-size: 1.75rem;\n}\n<\/style>\n\t<\/div>\n\t\n\n\t\t<\/div>\n\t\t\t<\/div>\n\n\t\n\n\t<div id=\"col-1447082239\" class=\"col medium-2 small-12 large-2\"  >\n\t\t<div class=\"col-inner text-center\"  >\n\t\t\t\n\t\t\t\n\n<a href=\"http:\/\/saopedrocarnes.com.br\/?page_id=117\" target=\"_self\" class=\"button white is-outline\"  style=\"border-radius:99px;\">\n    <span>CONTATO<\/span>\n  <\/a>\n\n\n\n\t\t<\/div>\n\t\t\t<\/div>\n\n\t\n\n<\/div>\n\n<\/div><\/div><\/div>\n\n","protected":false},"excerpt":{"rendered":"","protected":false},"author":1,"featured_media":0,"parent":0,"menu_order":0,"comment_status":"closed","ping_status":"closed","template":"page-blank.php","meta":{"footnotes":""},"class_list":["post-103","page","type-page","status-publish","hentry"],"_links":{"self":[{"href":"https:\/\/saopedrocarnes.com.br\/index.php?rest_route=\/wp\/v2\/pages\/103","targetHints":{"allow":["GET"]}}],"collection":[{"href":"https:\/\/saopedrocarnes.com.br\/index.php?rest_route=\/wp\/v2\/pages"}],"about":[{"href":"https:\/\/saopedrocarnes.com.br\/index.php?rest_route=\/wp\/v2\/types\/page"}],"author":[{"embeddable":true,"href":"https:\/\/saopedrocarnes.com.br\/index.php?rest_route=\/wp\/v2\/users\/1"}],"replies":[{"embeddable":true,"href":"https:\/\/saopedrocarnes.com.br\/index.php?rest_route=%2Fwp%2Fv2%2Fcomments&post=103"}],"version-history":[{"count":34,"href":"https:\/\/saopedrocarnes.com.br\/index.php?rest_route=\/wp\/v2\/pages\/103\/revisions"}],"predecessor-version":[{"id":667,"href":"https:\/\/saopedrocarnes.com.br\/index.php?rest_route=\/wp\/v2\/pages\/103\/revisions\/667"}],"wp:attachment":[{"href":"https:\/\/saopedrocarnes.com.br\/index.php?rest_route=%2Fwp%2Fv2%2Fmedia&parent=103"}],"curies":[{"name":"wp","href":"https:\/\/api.w.org\/{rel}","templated":true}]}}