{"id":105,"date":"2022-09-22T01:54:32","date_gmt":"2022-09-22T01:54:32","guid":{"rendered":"http:\/\/saopedrocarnes.com.br\/?page_id=105"},"modified":"2025-02-06T10:38:47","modified_gmt":"2025-02-06T10:38:47","slug":"defumados","status":"publish","type":"page","link":"https:\/\/saopedrocarnes.com.br\/?page_id=105","title":{"rendered":"DEFUMADOS"},"content":{"rendered":"\n<div class=\"slider-wrapper relative\" id=\"slider-1772835448\" >\n    <div class=\"slider slider-nav-circle slider-nav-large slider-nav-light slider-style-normal\"\n        data-flickity-options='{\n            \"cellAlign\": \"center\",\n            \"imagesLoaded\": true,\n            \"lazyLoad\": 1,\n            \"freeScroll\": false,\n            \"wrapAround\": true,\n            \"autoPlay\": 6000,\n            \"pauseAutoPlayOnHover\" : true,\n            \"prevNextButtons\": true,\n            \"contain\" : true,\n            \"adaptiveHeight\" : true,\n            \"dragThreshold\" : 10,\n            \"percentPosition\": true,\n            \"pageDots\": true,\n            \"rightToLeft\": false,\n            \"draggable\": true,\n            \"selectedAttraction\": 0.1,\n            \"parallax\" : 0,\n            \"friction\": 0.6        }'\n        >\n        \n\n\n  <div class=\"banner has-hover\" id=\"banner-1069000194\">\n          <div class=\"banner-inner fill\">\n        <div class=\"banner-bg fill\" >\n            <div class=\"bg fill bg-fill \"><\/div>\n                                    \n                    <\/div>\n        <div class=\"banner-layers container\">\n            <div class=\"fill banner-link\"><\/div>            \n\n\n        <\/div>\n      <\/div>\n\n            \n<style>\n#banner-1069000194 {\n  padding-top: 300px;\n}\n#banner-1069000194 .bg.bg-loaded {\n  background-image: url(https:\/\/saopedrocarnes.com.br\/wp-content\/uploads\/2025\/02\/ba8345b415-1.jpg);\n}\n#banner-1069000194 .bg {\n  background-position: 38% 29%;\n}\n<\/style>\n  <\/div>\n\n\n\n     <\/div>\n\n     <div class=\"loading-spin dark large centered\"><\/div>\n\n     \t<\/div>\n\n\n<div class=\"row\"  id=\"row-137897999\">\n\n\n\t<div id=\"col-335338428\" class=\"col small-12 large-12\"  >\n\t\t<div class=\"col-inner\"  >\n\t\t\t\n\t\t\t\n\n\t<div id=\"text-3289834692\" class=\"text\">\n\t\t\n\n<p>Sucesso em qualquer churrasco e presente em diversos momentos do dia a dia, a linha de embutidos \u00e9 refer\u00eancia em sabor. Eles s\u00e3o embalados a v\u00e1cuo, garantindo as propriedades e o frescor por um longo per\u00edodo. Podem ser acondicionados em g\u00f4ndolas ou c\u00e2maras frias.\u00a0<\/p>\n\t\t\n<style>\n#text-3289834692 {\n  font-size: 1.5rem;\n  line-height: 1.25;\n  text-align: center;\n}\n<\/style>\n\t<\/div>\n\t\n\n\t\t<\/div>\n\t\t\t<\/div>\n\n\t\n\n<\/div>\n<div class=\"row\"  id=\"row-732696574\">\n\n\n\t<div id=\"col-1404556567\" class=\"col medium-3 small-6 large-3\"  >\n\t\t<div class=\"col-inner\"  >\n\t\t\t\n\t\t\t\n\n\t<div class=\"img has-hover x md-x lg-x y md-y lg-y\" id=\"image_1285353281\">\n\t\t\t\t\t\t\t\t<div class=\"img-inner dark\" >\n\t\t\t<img loading=\"lazy\" decoding=\"async\" width=\"450\" height=\"575\" src=\"https:\/\/saopedrocarnes.com.br\/wp-content\/uploads\/2022\/10\/bacon-sao-pedro-site-01-min.png\" class=\"attachment-large size-large\" alt=\"\" srcset=\"https:\/\/saopedrocarnes.com.br\/wp-content\/uploads\/2022\/10\/bacon-sao-pedro-site-01-min.png 450w, https:\/\/saopedrocarnes.com.br\/wp-content\/uploads\/2022\/10\/bacon-sao-pedro-site-01-min-235x300.png 235w\" sizes=\"auto, (max-width: 450px) 100vw, 450px\" \/>\t\t\t\t\t\t\n\t\t\t\t\t<\/div>\n\t\t\t\t\t\t\t\t\n<style>\n#image_1285353281 {\n  width: 100%;\n}\n<\/style>\n\t<\/div>\n\t\n\n\n\t\t<\/div>\n\t\t\t<\/div>\n\n\t\n\n\t<div id=\"col-20877476\" class=\"col medium-3 small-6 large-3\"  >\n\t\t<div class=\"col-inner\"  >\n\t\t\t\n\t\t\t\n\n\t<div class=\"img has-hover x md-x lg-x y md-y lg-y\" id=\"image_1639261938\">\n\t\t\t\t\t\t\t\t<div class=\"img-inner dark\" >\n\t\t\t<img loading=\"lazy\" decoding=\"async\" width=\"450\" height=\"575\" src=\"https:\/\/saopedrocarnes.com.br\/wp-content\/uploads\/2022\/10\/bacon-sao-pedro-site-02-min.png\" class=\"attachment-large size-large\" alt=\"\" srcset=\"https:\/\/saopedrocarnes.com.br\/wp-content\/uploads\/2022\/10\/bacon-sao-pedro-site-02-min.png 450w, https:\/\/saopedrocarnes.com.br\/wp-content\/uploads\/2022\/10\/bacon-sao-pedro-site-02-min-235x300.png 235w\" sizes=\"auto, (max-width: 450px) 100vw, 450px\" \/>\t\t\t\t\t\t\n\t\t\t\t\t<\/div>\n\t\t\t\t\t\t\t\t\n<style>\n#image_1639261938 {\n  width: 100%;\n}\n<\/style>\n\t<\/div>\n\t\n\n\n\t\t<\/div>\n\t\t\t<\/div>\n\n\t\n\n\t<div id=\"col-1319029170\" class=\"col medium-3 small-6 large-3\"  >\n\t\t<div class=\"col-inner\"  >\n\t\t\t\n\t\t\t\n\n\t<div class=\"img has-hover x md-x lg-x y md-y lg-y\" id=\"image_996260631\">\n\t\t\t\t\t\t\t\t<div class=\"img-inner dark\" >\n\t\t\t<img loading=\"lazy\" decoding=\"async\" width=\"450\" height=\"575\" src=\"https:\/\/saopedrocarnes.com.br\/wp-content\/uploads\/2022\/10\/bacon-sao-pedro-site-03-min.png\" class=\"attachment-large size-large\" alt=\"\" srcset=\"https:\/\/saopedrocarnes.com.br\/wp-content\/uploads\/2022\/10\/bacon-sao-pedro-site-03-min.png 450w, https:\/\/saopedrocarnes.com.br\/wp-content\/uploads\/2022\/10\/bacon-sao-pedro-site-03-min-235x300.png 235w\" sizes=\"auto, (max-width: 450px) 100vw, 450px\" \/>\t\t\t\t\t\t\n\t\t\t\t\t<\/div>\n\t\t\t\t\t\t\t\t\n<style>\n#image_996260631 {\n  width: 100%;\n}\n<\/style>\n\t<\/div>\n\t\n\n\n\t\t<\/div>\n\t\t\t<\/div>\n\n\t\n\n\t<div id=\"col-510189428\" class=\"col medium-3 small-6 large-3\"  >\n\t\t<div class=\"col-inner\"  >\n\t\t\t\n\t\t\t\n\n\t<div class=\"img has-hover x md-x lg-x y md-y lg-y\" id=\"image_633230325\">\n\t\t\t\t\t\t\t\t<div class=\"img-inner dark\" >\n\t\t\t<img loading=\"lazy\" decoding=\"async\" width=\"450\" height=\"575\" src=\"https:\/\/saopedrocarnes.com.br\/wp-content\/uploads\/2022\/10\/bacon-sao-pedro-site-04-min.png\" class=\"attachment-large size-large\" alt=\"\" srcset=\"https:\/\/saopedrocarnes.com.br\/wp-content\/uploads\/2022\/10\/bacon-sao-pedro-site-04-min.png 450w, https:\/\/saopedrocarnes.com.br\/wp-content\/uploads\/2022\/10\/bacon-sao-pedro-site-04-min-235x300.png 235w\" sizes=\"auto, (max-width: 450px) 100vw, 450px\" \/>\t\t\t\t\t\t\n\t\t\t\t\t<\/div>\n\t\t\t\t\t\t\t\t\n<style>\n#image_633230325 {\n  width: 100%;\n}\n<\/style>\n\t<\/div>\n\t\n\n\n\t\t<\/div>\n\t\t\t<\/div>\n\n\t\n\n<\/div>\n<div class=\"row\"  id=\"row-1516791800\">\n\n\n\t<div id=\"col-173252\" class=\"col medium-3 small-6 large-3\"  >\n\t\t<div class=\"col-inner\"  >\n\t\t\t\n\t\t\t\n\n\t<div class=\"img has-hover x md-x lg-x y md-y lg-y\" id=\"image_81735464\">\n\t\t\t\t\t\t\t\t<div class=\"img-inner dark\" >\n\t\t\t<img loading=\"lazy\" decoding=\"async\" width=\"450\" height=\"575\" src=\"https:\/\/saopedrocarnes.com.br\/wp-content\/uploads\/2022\/10\/bacon-sao-pedro-site-05-min.png\" class=\"attachment-large size-large\" alt=\"\" srcset=\"https:\/\/saopedrocarnes.com.br\/wp-content\/uploads\/2022\/10\/bacon-sao-pedro-site-05-min.png 450w, https:\/\/saopedrocarnes.com.br\/wp-content\/uploads\/2022\/10\/bacon-sao-pedro-site-05-min-235x300.png 235w\" sizes=\"auto, (max-width: 450px) 100vw, 450px\" \/>\t\t\t\t\t\t\n\t\t\t\t\t<\/div>\n\t\t\t\t\t\t\t\t\n<style>\n#image_81735464 {\n  width: 100%;\n}\n<\/style>\n\t<\/div>\n\t\n\n\n\t\t<\/div>\n\t\t\t<\/div>\n\n\t\n\n\t<div id=\"col-883575597\" class=\"col medium-3 small-6 large-3\"  >\n\t\t<div class=\"col-inner\"  >\n\t\t\t\n\t\t\t\n\n\t<div class=\"img has-hover x md-x lg-x y md-y lg-y\" id=\"image_1647392207\">\n\t\t\t\t\t\t\t\t<div class=\"img-inner dark\" >\n\t\t\t<img loading=\"lazy\" decoding=\"async\" width=\"450\" height=\"575\" src=\"https:\/\/saopedrocarnes.com.br\/wp-content\/uploads\/2022\/10\/bacon-sao-pedro-site-06-min.png\" class=\"attachment-large size-large\" alt=\"\" srcset=\"https:\/\/saopedrocarnes.com.br\/wp-content\/uploads\/2022\/10\/bacon-sao-pedro-site-06-min.png 450w, https:\/\/saopedrocarnes.com.br\/wp-content\/uploads\/2022\/10\/bacon-sao-pedro-site-06-min-235x300.png 235w\" sizes=\"auto, (max-width: 450px) 100vw, 450px\" \/>\t\t\t\t\t\t\n\t\t\t\t\t<\/div>\n\t\t\t\t\t\t\t\t\n<style>\n#image_1647392207 {\n  width: 100%;\n}\n<\/style>\n\t<\/div>\n\t\n\n\n\t\t<\/div>\n\t\t\t<\/div>\n\n\t\n\n\t<div id=\"col-1139475288\" class=\"col medium-3 small-6 large-3\"  >\n\t\t<div class=\"col-inner\"  >\n\t\t\t\n\t\t\t\n\n\t<div class=\"img has-hover x md-x lg-x y md-y lg-y\" id=\"image_1127973829\">\n\t\t\t\t\t\t\t\t<div class=\"img-inner dark\" >\n\t\t\t<img loading=\"lazy\" decoding=\"async\" width=\"450\" height=\"575\" src=\"https:\/\/saopedrocarnes.com.br\/wp-content\/uploads\/2022\/10\/bacon-sao-pedro-site-07-min.png\" class=\"attachment-large size-large\" alt=\"\" srcset=\"https:\/\/saopedrocarnes.com.br\/wp-content\/uploads\/2022\/10\/bacon-sao-pedro-site-07-min.png 450w, https:\/\/saopedrocarnes.com.br\/wp-content\/uploads\/2022\/10\/bacon-sao-pedro-site-07-min-235x300.png 235w\" sizes=\"auto, (max-width: 450px) 100vw, 450px\" \/>\t\t\t\t\t\t\n\t\t\t\t\t<\/div>\n\t\t\t\t\t\t\t\t\n<style>\n#image_1127973829 {\n  width: 100%;\n}\n<\/style>\n\t<\/div>\n\t\n\n\n\t\t<\/div>\n\t\t\t<\/div>\n\n\t\n\n\t<div id=\"col-352068261\" class=\"col medium-3 small-6 large-3\"  >\n\t\t<div class=\"col-inner\"  >\n\t\t\t\n\t\t\t\n\n\t<div class=\"img has-hover x md-x lg-x y md-y lg-y\" id=\"image_1462564798\">\n\t\t\t\t\t\t\t\t<div class=\"img-inner dark\" >\n\t\t\t<img loading=\"lazy\" decoding=\"async\" width=\"450\" height=\"575\" src=\"https:\/\/saopedrocarnes.com.br\/wp-content\/uploads\/2022\/10\/bacon-sao-pedro-site-08-min.png\" class=\"attachment-large size-large\" alt=\"\" srcset=\"https:\/\/saopedrocarnes.com.br\/wp-content\/uploads\/2022\/10\/bacon-sao-pedro-site-08-min.png 450w, https:\/\/saopedrocarnes.com.br\/wp-content\/uploads\/2022\/10\/bacon-sao-pedro-site-08-min-235x300.png 235w\" sizes=\"auto, (max-width: 450px) 100vw, 450px\" \/>\t\t\t\t\t\t\n\t\t\t\t\t<\/div>\n\t\t\t\t\t\t\t\t\n<style>\n#image_1462564798 {\n  width: 100%;\n}\n<\/style>\n\t<\/div>\n\t\n\n\n\t\t<\/div>\n\t\t\t<\/div>\n\n\t\n\n<\/div>\n<div class=\"row\"  id=\"row-1056406303\">\n\n\n\t<div id=\"col-1002922680\" class=\"col medium-3 small-6 large-3\"  >\n\t\t<div class=\"col-inner\"  >\n\t\t\t\n\t\t\t\n\n\t<div class=\"img has-hover x md-x lg-x y md-y lg-y\" id=\"image_852895153\">\n\t\t\t\t\t\t\t\t<div class=\"img-inner dark\" >\n\t\t\t<img loading=\"lazy\" decoding=\"async\" width=\"450\" height=\"575\" src=\"https:\/\/saopedrocarnes.com.br\/wp-content\/uploads\/2022\/10\/bacon-sao-pedro-site-10-min.png\" class=\"attachment-large size-large\" alt=\"\" srcset=\"https:\/\/saopedrocarnes.com.br\/wp-content\/uploads\/2022\/10\/bacon-sao-pedro-site-10-min.png 450w, https:\/\/saopedrocarnes.com.br\/wp-content\/uploads\/2022\/10\/bacon-sao-pedro-site-10-min-235x300.png 235w\" sizes=\"auto, (max-width: 450px) 100vw, 450px\" \/>\t\t\t\t\t\t\n\t\t\t\t\t<\/div>\n\t\t\t\t\t\t\t\t\n<style>\n#image_852895153 {\n  width: 100%;\n}\n<\/style>\n\t<\/div>\n\t\n\n\n\t\t<\/div>\n\t\t\t<\/div>\n\n\t\n\n\t<div id=\"col-2043516149\" class=\"col medium-3 small-6 large-3\"  >\n\t\t<div class=\"col-inner\"  >\n\t\t\t\n\t\t\t\n\n\t<div class=\"img has-hover x md-x lg-x y md-y lg-y\" id=\"image_1400509715\">\n\t\t\t\t\t\t\t\t<div class=\"img-inner dark\" >\n\t\t\t<img loading=\"lazy\" decoding=\"async\" width=\"450\" height=\"575\" src=\"https:\/\/saopedrocarnes.com.br\/wp-content\/uploads\/2022\/10\/bacon-sao-pedro-site-11-min.png\" class=\"attachment-large size-large\" alt=\"\" srcset=\"https:\/\/saopedrocarnes.com.br\/wp-content\/uploads\/2022\/10\/bacon-sao-pedro-site-11-min.png 450w, https:\/\/saopedrocarnes.com.br\/wp-content\/uploads\/2022\/10\/bacon-sao-pedro-site-11-min-235x300.png 235w\" sizes=\"auto, (max-width: 450px) 100vw, 450px\" \/>\t\t\t\t\t\t\n\t\t\t\t\t<\/div>\n\t\t\t\t\t\t\t\t\n<style>\n#image_1400509715 {\n  width: 100%;\n}\n<\/style>\n\t<\/div>\n\t\n\n\n\t\t<\/div>\n\t\t\t<\/div>\n\n\t\n\n\t<div id=\"col-1863976453\" class=\"col medium-3 small-6 large-3\"  >\n\t\t<div class=\"col-inner\"  >\n\t\t\t\n\t\t\t\n\n\t<div class=\"img has-hover x md-x lg-x y md-y lg-y\" id=\"image_1335123370\">\n\t\t\t\t\t\t\t\t<div class=\"img-inner dark\" >\n\t\t\t<img loading=\"lazy\" decoding=\"async\" width=\"450\" height=\"575\" src=\"https:\/\/saopedrocarnes.com.br\/wp-content\/uploads\/2022\/10\/bacon-sao-pedro-site-12-min.png\" class=\"attachment-large size-large\" alt=\"\" srcset=\"https:\/\/saopedrocarnes.com.br\/wp-content\/uploads\/2022\/10\/bacon-sao-pedro-site-12-min.png 450w, https:\/\/saopedrocarnes.com.br\/wp-content\/uploads\/2022\/10\/bacon-sao-pedro-site-12-min-235x300.png 235w\" sizes=\"auto, (max-width: 450px) 100vw, 450px\" \/>\t\t\t\t\t\t\n\t\t\t\t\t<\/div>\n\t\t\t\t\t\t\t\t\n<style>\n#image_1335123370 {\n  width: 100%;\n}\n<\/style>\n\t<\/div>\n\t\n\n\n\t\t<\/div>\n\t\t\t<\/div>\n\n\t\n\n\t<div id=\"col-2000671375\" class=\"col medium-3 small-6 large-3\"  >\n\t\t<div class=\"col-inner\"  >\n\t\t\t\n\t\t\t\n\n\t<div class=\"img has-hover x md-x lg-x y md-y lg-y\" id=\"image_1256139182\">\n\t\t\t\t\t\t\t\t<div class=\"img-inner dark\" >\n\t\t\t<img loading=\"lazy\" decoding=\"async\" width=\"450\" height=\"575\" src=\"https:\/\/saopedrocarnes.com.br\/wp-content\/uploads\/2022\/10\/bacon-sao-pedro-site-13-min.png\" class=\"attachment-large size-large\" alt=\"\" srcset=\"https:\/\/saopedrocarnes.com.br\/wp-content\/uploads\/2022\/10\/bacon-sao-pedro-site-13-min.png 450w, https:\/\/saopedrocarnes.com.br\/wp-content\/uploads\/2022\/10\/bacon-sao-pedro-site-13-min-235x300.png 235w\" sizes=\"auto, (max-width: 450px) 100vw, 450px\" \/>\t\t\t\t\t\t\n\t\t\t\t\t<\/div>\n\t\t\t\t\t\t\t\t\n<style>\n#image_1256139182 {\n  width: 100%;\n}\n<\/style>\n\t<\/div>\n\t\n\n\n\t\t<\/div>\n\t\t\t<\/div>\n\n\t\n\n<\/div>\n<div class=\"message-box relative dark\" style=\"padding-top:15px;padding-bottom:15px;\"><div class=\"message-box-bg-image bg-fill fill\" ><\/div><div class=\"message-box-bg-overlay bg-fill fill\" style=\"background-color:rgb(160, 1, 1);\"><\/div><div class=\"container relative\"><div class=\"inner last-reset\">\n\n<div class=\"row align-middle align-center\"  id=\"row-11460114\">\n\n\n\t<div id=\"col-1724599586\" class=\"col medium-9 small-12 large-9\"  >\n\t\t<div class=\"col-inner\"  >\n\t\t\t\n\t\t\t\n\n\t<div id=\"text-1052560182\" class=\"text\">\n\t\t\n\n<p>TRADI\u00c7\u00c3O E QUALIDADE CERTIFICADA<\/p>\n\t\t\n<style>\n#text-1052560182 {\n  font-size: 1.5rem;\n  text-align: center;\n}\n<\/style>\n\t<\/div>\n\t\n\n\t\t<\/div>\n\t\t\t<\/div>\n\n\t\n\n\t<div id=\"col-256858438\" class=\"col medium-3 small-12 large-3\"  >\n\t\t<div class=\"col-inner text-center\"  >\n\t\t\t\n\t\t\t\n\n<a href=\"http:\/\/saopedrocarnes.com.br\/?page_id=117\" target=\"_self\" class=\"button white is-outline\"  style=\"border-radius:99px;\">\n  <i class=\"icon-phone\" ><\/i>  <span>contato<\/span>\n  <\/a>\n\n\n\n\t\t<\/div>\n\t\t\t<\/div>\n\n\t\n\n<\/div>\n\n<\/div><\/div><\/div>\n\n","protected":false},"excerpt":{"rendered":"","protected":false},"author":1,"featured_media":0,"parent":0,"menu_order":0,"comment_status":"closed","ping_status":"closed","template":"page-blank.php","meta":{"footnotes":""},"class_list":["post-105","page","type-page","status-publish","hentry"],"_links":{"self":[{"href":"https:\/\/saopedrocarnes.com.br\/index.php?rest_route=\/wp\/v2\/pages\/105","targetHints":{"allow":["GET"]}}],"collection":[{"href":"https:\/\/saopedrocarnes.com.br\/index.php?rest_route=\/wp\/v2\/pages"}],"about":[{"href":"https:\/\/saopedrocarnes.com.br\/index.php?rest_route=\/wp\/v2\/types\/page"}],"author":[{"embeddable":true,"href":"https:\/\/saopedrocarnes.com.br\/index.php?rest_route=\/wp\/v2\/users\/1"}],"replies":[{"embeddable":true,"href":"https:\/\/saopedrocarnes.com.br\/index.php?rest_route=%2Fwp%2Fv2%2Fcomments&post=105"}],"version-history":[{"count":22,"href":"https:\/\/saopedrocarnes.com.br\/index.php?rest_route=\/wp\/v2\/pages\/105\/revisions"}],"predecessor-version":[{"id":664,"href":"https:\/\/saopedrocarnes.com.br\/index.php?rest_route=\/wp\/v2\/pages\/105\/revisions\/664"}],"wp:attachment":[{"href":"https:\/\/saopedrocarnes.com.br\/index.php?rest_route=%2Fwp%2Fv2%2Fmedia&parent=105"}],"curies":[{"name":"wp","href":"https:\/\/api.w.org\/{rel}","templated":true}]}}